{"id":665,"date":"2024-06-18T19:38:25","date_gmt":"2024-06-18T17:38:25","guid":{"rendered":"https:\/\/deluxemassage.cz\/?page_id=665"},"modified":"2025-05-04T22:24:45","modified_gmt":"2025-05-04T20:24:45","slug":"prace-maserky","status":"publish","type":"page","link":"https:\/\/deluxemassage.cz\/cs\/prace-maserky\/","title":{"rendered":"Pr\u00e1ce mas\u00e9rky"},"content":{"rendered":"\t\t<div data-elementor-type=\"wp-page\" data-elementor-id=\"665\" class=\"elementor elementor-665\" data-elementor-post-type=\"page\">\n\t\t\t\t<div class=\"elementor-element elementor-element-3939c4ca e-flex e-con-boxed e-con e-child\" data-id=\"3939c4ca\" data-element_type=\"container\" id=\"layout18\" data-settings=\"{&quot;background_background&quot;:&quot;gradient&quot;}\">\n\t\t\t\t\t<div class=\"e-con-inner\">\n\t\t<div class=\"elementor-element elementor-element-335a0c76 e-con-full e-flex e-con e-child\" data-id=\"335a0c76\" data-element_type=\"container\">\n\t\t<div class=\"elementor-element elementor-element-2e4d6448 e-con-full e-flex e-con e-child\" data-id=\"2e4d6448\" data-element_type=\"container\">\n\t\t<div class=\"elementor-element elementor-element-3a296238 e-con-full e-flex e-con e-child\" data-id=\"3a296238\" data-element_type=\"container\" data-settings=\"{&quot;background_background&quot;:&quot;classic&quot;}\">\n\t\t<div class=\"elementor-element elementor-element-7f9d835 e-con-full e-flex e-con e-child\" data-id=\"7f9d835\" data-element_type=\"container\" data-settings=\"{&quot;background_background&quot;:&quot;classic&quot;}\">\n\t\t<div class=\"elementor-element elementor-element-2ac58885 e-con-full e-flex e-con e-child\" data-id=\"2ac58885\" data-element_type=\"container\">\n\t\t<div class=\"elementor-element elementor-element-200b4acc e-con-full e-flex e-con e-child\" data-id=\"200b4acc\" data-element_type=\"container\">\n\t\t\t\t<div class=\"elementor-element elementor-element-057ff4f elementor-widget__width-initial elementor-widget elementor-widget-heading\" data-id=\"057ff4f\" data-element_type=\"widget\" data-widget_type=\"heading.default\">\n\t\t\t\t<div class=\"elementor-widget-container\">\n\t\t\t\t\t<h2 class=\"elementor-heading-title elementor-size-default\">Sta\u0148te se sou\u010d\u00e1st\u00ed DeLuxe Massage \u2013 m\u00edsto, kde roste v\u00e1\u0161 talent!<\/h2>\t\t\t\t<\/div>\n\t\t\t\t<\/div>\n\t\t\t\t<div class=\"elementor-element elementor-element-4b35869 elementor-widget elementor-widget-text-editor\" data-id=\"4b35869\" data-element_type=\"widget\" data-widget_type=\"text-editor.default\">\n\t\t\t\t<div class=\"elementor-widget-container\">\n\t\t\t\t\t\t\t\t\t<p>Tou\u017e\u00edte po prost\u0159ed\u00ed, kde m\u016f\u017eete pln\u011b rozvinout sv\u00e9 schopnosti mas\u00e9rky a poskytovat \u0161pi\u010dkov\u00e9 slu\u017eby? <strong>DeLuxe Massage<\/strong> v centru Prahy v\u00e1m nab\u00edz\u00ed jedine\u010dnou p\u0159\u00edle\u017eitost st\u00e1t se sou\u010d\u00e1st\u00ed t\u00fdmu v salonu, kter\u00fd db\u00e1 na maxim\u00e1ln\u00ed pohodl\u00ed klient\u016f i person\u00e1lu.<\/p><h4>Co u n\u00e1s najdete:<\/h4><ul><li><strong>Pohodln\u00e9 pracovn\u00ed z\u00e1zem\u00ed<\/strong>: Modern\u00ed a stylov\u00e9 prostory jsou navr\u017eeny tak, aby v\u00e1m i klient\u016fm poskytovaly maxim\u00e1ln\u00ed komfort.<\/li><li><strong>Pracovn\u00ed flexibilita<\/strong>: Nastavte si sm\u011bny podle sv\u00fdch pot\u0159eb a najd\u011bte rovnov\u00e1hu mezi prac\u00ed a osobn\u00edm \u017eivotem.<\/li><li><strong>Podporuj\u00edc\u00ed t\u00fdm<\/strong>: Pracujte v kolektivu, kter\u00fd je otev\u0159en\u00fd, p\u0159\u00e1telsk\u00fd a v\u017edy p\u0159ipraven\u00fd pomoct.<\/li><li><strong>Kvalitn\u00ed vybaven\u00ed<\/strong>: Poskytujeme \u0161pi\u010dkov\u00e9 produkty a mas\u00e1\u017en\u00ed n\u00e1stroje, aby va\u0161e slu\u017eby byly v\u017edy na nejvy\u0161\u0161\u00ed \u00farovni.<\/li><li><strong>V\u00fdhodn\u00e9 finan\u010dn\u00ed podm\u00ednky<\/strong>: Nab\u00edz\u00edme atraktivn\u00ed v\u00fdd\u011blek s mo\u017enost\u00ed zaj\u00edmav\u00fdch bonus\u016f a proviz\u00ed.<\/li><li><strong>Podpora viditelnosti<\/strong>: Marketing a reklamu zajist\u00edme za v\u00e1s, abyste se mohli pln\u011b soust\u0159edit na svou pr\u00e1ci.<\/li><\/ul><h4>Koho hled\u00e1me:<\/h4><ul><li><strong>Zku\u0161en\u00e9 mas\u00e9rky<\/strong>: Pokud m\u00e1te zku\u0161enosti s mas\u00e1\u017eemi a tou\u017e\u00edte se u\u010dit nov\u00e9 techniky, jste u n\u00e1s v\u00edt\u00e1ni.<\/li><li><strong>Komunikativn\u00ed osobnosti<\/strong>: Hled\u00e1me lidi, kte\u0159\u00ed r\u00e1di pracuj\u00ed s lidmi a dok\u00e1\u017eou vytvo\u0159it p\u0159\u00edjemnou atmosf\u00e9ru pro klienty.<\/li><li><strong>Otev\u0159en\u00fd p\u0159\u00edstup k erotick\u00fdm mas\u00e1\u017e\u00edm<\/strong>: Pokud chcete v t\u00e9to oblasti r\u016fst a rozv\u00edjet sv\u00e9 schopnosti, DeLuxe Massage je pro v\u00e1s ide\u00e1ln\u00ed m\u00edsto.<\/li><\/ul><h4>Jak se p\u0159ipojit k na\u0161emu t\u00fdmu:<\/h4><p>Zaujala v\u00e1s na\u0161e nab\u00eddka? Po\u0161lete n\u00e1m sv\u016fj \u017eivotopis a kr\u00e1tk\u00fd motiva\u010dn\u00ed dopis na email <strong><a rel=\"noopener\">info@deluxemassage.cz<\/a><\/strong> nebo n\u00e1s kontaktujte na telefonu <a href=\"tel:774208644\"><strong>+420 774 208 644<\/strong><\/a>. R\u00e1di v\u00e1s uv\u00edt\u00e1me mezi n\u00e1mi!<\/p><p>T\u011b\u0161\u00edme se na spolupr\u00e1ci a na to, jak spole\u010dn\u011b budeme r\u016fst v <strong>DeLuxe Massage<\/strong>!<\/p>\t\t\t\t\t\t\t\t<\/div>\n\t\t\t\t<\/div>\n\t\t\t\t<\/div>\n\t\t\t\t<\/div>\n\t\t\t\t<\/div>\n\t\t\t\t<\/div>\n\t\t\t\t<\/div>\n\t\t\t\t<\/div>\n\t\t\t\t\t<\/div>\n\t\t\t\t<\/div>\n\t\t\t\t<\/div>\n\t\t","protected":false},"excerpt":{"rendered":"<p>Sta\u0148te se sou\u010d\u00e1st\u00ed DeLuxe Massage \u2013 m\u00edsto, kde roste v\u00e1\u0161 talent! Tou\u017e\u00edte po prost\u0159ed\u00ed, kde m\u016f\u017eete pln\u011b rozvinout sv\u00e9 schopnosti mas\u00e9rky a poskytovat \u0161pi\u010dkov\u00e9 slu\u017eby? DeLuxe Massage v centru Prahy v\u00e1m nab\u00edz\u00ed jedine\u010dnou p\u0159\u00edle\u017eitost st\u00e1t se sou\u010d\u00e1st\u00ed t\u00fdmu v salonu, kter\u00fd db\u00e1 na maxim\u00e1ln\u00ed pohodl\u00ed klient\u016f i person\u00e1lu. Co u n\u00e1s najdete: Pohodln\u00e9 pracovn\u00ed z\u00e1zem\u00ed: [&hellip;]<\/p>\n","protected":false},"author":1,"featured_media":0,"parent":0,"menu_order":0,"comment_status":"closed","ping_status":"closed","template":"elementor_header_footer","meta":{"_acf_changed":false,"footnotes":""},"class_list":["post-665","page","type-page","status-publish","hentry"],"acf":[],"_links":{"self":[{"href":"https:\/\/deluxemassage.cz\/cs\/wp-json\/wp\/v2\/pages\/665","targetHints":{"allow":["GET"]}}],"collection":[{"href":"https:\/\/deluxemassage.cz\/cs\/wp-json\/wp\/v2\/pages"}],"about":[{"href":"https:\/\/deluxemassage.cz\/cs\/wp-json\/wp\/v2\/types\/page"}],"author":[{"embeddable":true,"href":"https:\/\/deluxemassage.cz\/cs\/wp-json\/wp\/v2\/users\/1"}],"replies":[{"embeddable":true,"href":"https:\/\/deluxemassage.cz\/cs\/wp-json\/wp\/v2\/comments?post=665"}],"version-history":[{"count":6,"href":"https:\/\/deluxemassage.cz\/cs\/wp-json\/wp\/v2\/pages\/665\/revisions"}],"predecessor-version":[{"id":3183,"href":"https:\/\/deluxemassage.cz\/cs\/wp-json\/wp\/v2\/pages\/665\/revisions\/3183"}],"wp:attachment":[{"href":"https:\/\/deluxemassage.cz\/cs\/wp-json\/wp\/v2\/media?parent=665"}],"curies":[{"name":"wp","href":"https:\/\/api.w.org\/{rel}","templated":true}]}}